{"id":1630,"date":"2014-10-19T10:32:46","date_gmt":"2014-10-19T10:32:46","guid":{"rendered":"http:\/\/adwokatrazowski.pl\/de\/virqo-com\/"},"modified":"2016-11-30T12:59:36","modified_gmt":"2016-11-30T11:59:36","slug":"virqo-com","status":"publish","type":"page","link":"https:\/\/adwokatrazowski.pl\/de\/","title":{"rendered":"Home"},"content":{"rendered":"<p>[vc_row][vc_column]<div class=\"gap clearfix\" style=\"height: 40px;\"><\/div><div class=\"clearfix title-center\"><h2 class=\"col-title\">Team<\/h2><\/div><div class=\"gap clearfix\" style=\"height: 25px;\"><\/div>[vc_row_inner][vc_column_inner width=&#8220;1\/2&#8243;]<div class=\"member\">\r\n      \t<h4>dr Pawe\u0142 Razowski<\/h4>\r\n      \t<div class=\"member-role\">Rechtsanwalt<\/div><a style=\"font-size: 14px; line-height: 1.5; space-letter: 0.5px;\" href=\"team_de\">Rechtsanwalt der Rechtsanwaltskammer in Wroc\u0142aw, Doktor der Rechtswissenschaften, Gr\u00fcnder der Kanzlei. Vortragender der Bezirksrechtsanwaltskammer in Wroc\u0142aw.\u00a0Mitglieds des Rechtsausschusses der Rechtsanwaltsbezirkskammer in Wroc\u0142aw.<br \/>\n<em style=\"color: #cc8809;\">mehr<\/em><\/a><div class=\"member-social\"><ul><li><a href=\"mailto:razowski@adwokatrazowski.pl\" title=\"Mail\" class=\"toptip\"><i class=\"icon-envelope-alt\"><\/i><\/a><\/li><\/ul><\/div><\/div>[\/vc_column_inner][vc_column_inner width=&#8220;1\/2&#8243;]<div class=\"member\">\r\n      \t<h4>Angelika Drelichowska<\/h4>\r\n      \t<div class=\"member-role\">Rechtsanwaltsreferendarin<\/div><a style=\"font-size: 14px; line-height: 1.5; space-letter: 0.5px;\" href=\"team_de\/#1475926196746-a83c13ba-ba09\">Rechtsanwaltsreferendarin der Rechtsanwaltskammer in Wroc\u0142aw, Doktorandin am Lehrstuhl f\u00fcr Verwaltungsverfahren und Verwaltungsgerichtswesen an der Fakult\u00e4t f\u00fcr Recht, Verwaltung und \u00d6konomie der Universit\u00e4t Wroc\u0142aw.<br \/>\n<em style=\"color: #cc8809;\">mehr<\/em><\/a><div class=\"member-social\"><ul><li><a href=\"mailto:drelichowska@adwokatrazowski.pl\" title=\"Mail\" class=\"toptip\"><i class=\"icon-envelope-alt\"><\/i><\/a><\/li><\/ul><\/div><\/div>[\/vc_column_inner][\/vc_row_inner][\/vc_column][\/vc_row][vc_row][vc_column]<div class=\"gap clearfix\" style=\"height: 100px;\"><\/div><div class=\"wrapbox parallax \"  style=\"background-color:#f6f6f6;border-top:solid 2px #aaaaaa !important;border-bottom:solid 2px #aaaaaa !important;background-image:url(https:\/\/adwokatrazowski.pl\/bugbird\/wp-content\/uploads\/2014\/10\/stairs.jpg) !important;\" data-stellar-background-ratio=\"-0.4\"  ><div class=\"row clearfix\"><div class=\"gap clearfix\" style=\"height: 70px;\"><\/div><div class=\"clearfix title-center\"><h2 class=\"col-title\">Qualit\u00e4t<\/h2><\/div><div class=\"gap clearfix\" style=\"height: 15px;\"><\/div>[vc_row_inner][vc_column_inner][vc_column_text]<\/p>\n<p style=\"text-align: center; font-size: 14px; letter-spacing: 1px;\"><strong>Wir gew\u00e4hrleisten die h\u00f6chste Qualit\u00e4t von rechtlichen Dienstleistungen und geben uns immer die M\u00fche L\u00f6sungen zu finden,<\/strong><br \/>\n<strong>die optimal f\u00fcr unsere Kunden sind.<\/strong><\/p>\n<p>[\/vc_column_text][\/vc_column_inner][\/vc_row_inner]<div class=\"gap clearfix\" style=\"height: 10px;\"><\/div><\/div><\/div>[\/vc_column][\/vc_row][vc_row][vc_column]<div class=\"gap clearfix\" style=\"height: 70px;\"><\/div><div class=\"clearfix title-center\"><h2 class=\"col-title\">Spezialisationen<\/h2><\/div><div class=\"gap clearfix\" style=\"height: 25px;\"><\/div>    \r\n\t<script>\r\n\t\r\n\t\tjQuery(document).ready(function($) {\r\n\t\t\t\r\n\t\t\t\/\/ portfolio Carousel \/\/\/\/\/\/\/\/\/\/\/\/\/\/\/\/\/\/\/\/\/\/\/\/\/\/\/\/\/\r\n\t\t\ttry {\r\n\r\n\t\t\t\t\t$(\"#pc_1165052913\").owlCarousel({\r\n\t\t\t\t\t\titems:4,\r\n\t\t\t\t\t\tloop: true,\r\n\t\t\t\t\t\tmargin:12,\r\n\t\t\t\t\t\tnav:true,\r\n\t\t\t\t\t\tnavSpeed:1000,\r\n\t\t\t\t\t\tnavText:['<i class=\"icon-angle-right\"><\/i>','<i class=\"icon-angle-left\"><\/i>'],\r\n\t\t\t\t\t\tdots:false,\r\n\t\t\t\t\t\tautoplay:true,\r\n\t\t\t\t\t\trtl:false,\r\n\t\t\t\t\t\tautoplayTimeout:3000,\r\n\t\t\t\t\t\tautoplaySpeed:1000,\r\n\t\t\t\t\t\tautoplayHoverPause:true,\r\n\t\t\t\t\t\tresponsive : {0 : {items : 1,nav : false}, 480 : {items : 2}, 769 : {items : 4}}\r\n\t\t\t\t\t\t\r\n\t\t\t\t\t});\r\n\t\t\t\t\t\r\n\t\t\t\t\t\r\n\t\t\t} catch(e){}\r\n\t\t\t\t\r\n\t\t\/\/End Document.ready\/\/\r\n\t\t});\t\r\n\t<\/script>\r\n\t    \r\n    \r\n\t\r\n        \r\n        \r\n                        <div class=\"owl-carousel nav_off\" id=\"pc_1165052913\">\r\n                \t\r\n\t\t\t\t              \t\r\n\t\t\t\r\n\t\t\t\t\t\t\t\r\n\r\n\t\t\t\t\t \r\n               \r\n\t\t\t\t\t<div  class=\"uowl\"  >\r\n\t\t\t\t\t\t\r\n\r\n<div class=\"hover-fx zoom grayscale\">\r\n\t<img width=\"500\" height=\"360\" src=\"https:\/\/adwokatrazowski.pl\/bugbird\/wp-content\/uploads\/2016\/10\/padmin-500x360.jpg\" class=\"attachment-portfolio1 size-portfolio1 wp-post-image\" alt=\"\" decoding=\"async\" loading=\"lazy\" \/><a  class=\"fLeft cntr\" href=\"https:\/\/adwokatrazowski.pl\/de\/special\/verwaltungsrecht\/\" title=\"Verwaltungsrecht\"><span><i class=\"icon-file-text\"><\/i><\/span><\/a><\/div>\t\r\n                        <div class=\"detailes\">\r\n                            <h5><a href=\"https:\/\/adwokatrazowski.pl\/de\/special\/verwaltungsrecht\/\">Verwaltungsrecht<\/a><\/h5>\r\n                            \r\n                           \r\n                        <\/div>\r\n                    <\/div>\r\n\r\n\t\t\t\t\r\n\t\t\t\t\r\n\t\t\t\t              \t\r\n\t\t\t\r\n\t\t\t\t\t\t\t\r\n\r\n\t\t\t\t\t \r\n               \r\n\t\t\t\t\t<div  class=\"uowl\"  >\r\n\t\t\t\t\t\t\r\n\r\n<div class=\"hover-fx zoom grayscale\">\r\n\t<img width=\"500\" height=\"360\" src=\"https:\/\/adwokatrazowski.pl\/bugbird\/wp-content\/uploads\/2016\/09\/pcywilne-500x360.jpg\" class=\"attachment-portfolio1 size-portfolio1 wp-post-image\" alt=\"\" decoding=\"async\" loading=\"lazy\" \/><a  class=\"fLeft cntr\" href=\"https:\/\/adwokatrazowski.pl\/de\/special\/zivilrecht\/\" title=\"Zivilrecht\"><span><i class=\"icon-file-text\"><\/i><\/span><\/a><\/div>\t\r\n                        <div class=\"detailes\">\r\n                            <h5><a href=\"https:\/\/adwokatrazowski.pl\/de\/special\/zivilrecht\/\">Zivilrecht<\/a><\/h5>\r\n                            \r\n                           \r\n                        <\/div>\r\n                    <\/div>\r\n\r\n\t\t\t\t\r\n\t\t\t\t\r\n\t\t\t\t              \t\r\n\t\t\t\r\n\t\t\t\t\t\t\t\r\n\r\n\t\t\t\t\t \r\n               \r\n\t\t\t\t\t<div  class=\"uowl\"  >\r\n\t\t\t\t\t\t\r\n\r\n<div class=\"hover-fx zoom grayscale\">\r\n\t<img width=\"500\" height=\"360\" src=\"https:\/\/adwokatrazowski.pl\/bugbird\/wp-content\/uploads\/2016\/09\/ptaxes-500x360.jpg\" class=\"attachment-portfolio1 size-portfolio1 wp-post-image\" alt=\"\" decoding=\"async\" loading=\"lazy\" \/><a  class=\"fLeft cntr\" href=\"https:\/\/adwokatrazowski.pl\/de\/special\/steuerrecht-und-steuerverfahren\/\" title=\"Steuerrecht und Steuerverfahren\"><span><i class=\"icon-file-text\"><\/i><\/span><\/a><\/div>\t\r\n                        <div class=\"detailes\">\r\n                            <h5><a href=\"https:\/\/adwokatrazowski.pl\/de\/special\/steuerrecht-und-steuerverfahren\/\">Steuerrecht und Steuerverfahren<\/a><\/h5>\r\n                            \r\n                           \r\n                        <\/div>\r\n                    <\/div>\r\n\r\n\t\t\t\t\r\n\t\t\t\t\r\n\t\t\t\t              \t\r\n\t\t\t\r\n\t\t\t\t\t\t\t\r\n\r\n\t\t\t\t\t \r\n               \r\n\t\t\t\t\t<div  class=\"uowl\"  >\r\n\t\t\t\t\t\t\r\n\r\n<div class=\"hover-fx zoom grayscale\">\r\n\t<img width=\"500\" height=\"360\" src=\"https:\/\/adwokatrazowski.pl\/bugbird\/wp-content\/uploads\/2016\/09\/pbank-500x360.jpg\" class=\"attachment-portfolio1 size-portfolio1 wp-post-image\" alt=\"\" decoding=\"async\" loading=\"lazy\" \/><a  class=\"fLeft cntr\" href=\"https:\/\/adwokatrazowski.pl\/de\/special\/bankrecht\/\" title=\"Bankrecht\"><span><i class=\"icon-file-text\"><\/i><\/span><\/a><\/div>\t\r\n                        <div class=\"detailes\">\r\n                            <h5><a href=\"https:\/\/adwokatrazowski.pl\/de\/special\/bankrecht\/\">Bankrecht<\/a><\/h5>\r\n                            \r\n                           \r\n                        <\/div>\r\n                    <\/div>\r\n\r\n\t\t\t\t\r\n\t\t\t\t\r\n\t\t\t\t              \t\r\n\t\t\t\r\n\t\t\t\t\t\t\t\r\n\r\n\t\t\t\t\t\r\n\t\t\t\t\r\n\t\t\t\t              \t\r\n\t\t\t\r\n\t\t\t\t\t\t\t\r\n\r\n\t\t\t\t\t \r\n               \r\n\t\t\t\t\t<div  class=\"uowl\"  >\r\n\t\t\t\t\t\t\r\n\r\n<div class=\"hover-fx zoom grayscale\">\r\n\t<img width=\"500\" height=\"360\" src=\"https:\/\/adwokatrazowski.pl\/bugbird\/wp-content\/uploads\/2016\/09\/pupad-500x360.jpg\" class=\"attachment-portfolio1 size-portfolio1 wp-post-image\" alt=\"\" decoding=\"async\" loading=\"lazy\" \/><a  class=\"fLeft cntr\" href=\"https:\/\/adwokatrazowski.pl\/de\/special\/insolvenz-und-restrukturierungsrecht\/\" title=\"Insolvenz- und Restrukturierungsrecht\"><span><i class=\"icon-file-text\"><\/i><\/span><\/a><\/div>\t\r\n                        <div class=\"detailes\">\r\n                            <h5><a href=\"https:\/\/adwokatrazowski.pl\/de\/special\/insolvenz-und-restrukturierungsrecht\/\">Insolvenz- und Restrukturierungsrecht<\/a><\/h5>\r\n                            \r\n                           \r\n                        <\/div>\r\n                    <\/div>\r\n\r\n\t\t\t\t\r\n\t\t\t\t\r\n\t\t\t\t              \t\r\n\t\t\t\r\n\t\t\t\t\t\t\t\r\n\r\n\t\t\t\t\t \r\n               \r\n\t\t\t\t\t<div  class=\"uowl\"  >\r\n\t\t\t\t\t\t\r\n\r\n<div class=\"hover-fx zoom grayscale\">\r\n\t<img width=\"500\" height=\"360\" src=\"https:\/\/adwokatrazowski.pl\/bugbird\/wp-content\/uploads\/2016\/09\/pzam-500x360.jpg\" class=\"attachment-portfolio1 size-portfolio1 wp-post-image\" alt=\"\" decoding=\"async\" loading=\"lazy\" \/><a  class=\"fLeft cntr\" href=\"https:\/\/adwokatrazowski.pl\/de\/special\/recht-betreffend-die-oeffentlichen-auftraege\/\" title=\"Recht betreffend die \u00f6ffentlichen Auftr\u00e4ge\"><span><i class=\"icon-file-text\"><\/i><\/span><\/a><\/div>\t\r\n                        <div class=\"detailes\">\r\n                            <h5><a href=\"https:\/\/adwokatrazowski.pl\/de\/special\/recht-betreffend-die-oeffentlichen-auftraege\/\">Recht betreffend die \u00f6ffentlichen Auftr\u00e4ge<\/a><\/h5>\r\n                            \r\n                           \r\n                        <\/div>\r\n                    <\/div>\r\n\r\n\t\t\t\t\r\n\t\t\t\t\r\n\t\t\t\t              \t\r\n\t\t\t\r\n\t\t\t\t\t\t\t\r\n\r\n\t\t\t\t\t \r\n               \r\n\t\t\t\t\t<div  class=\"uowl\"  >\r\n\t\t\t\t\t\t\r\n\r\n<div class=\"hover-fx zoom grayscale\">\r\n\t<img width=\"500\" height=\"360\" src=\"https:\/\/adwokatrazowski.pl\/bugbird\/wp-content\/uploads\/2016\/09\/prodzi-500x360.jpeg\" class=\"attachment-portfolio1 size-portfolio1 wp-post-image\" alt=\"\" decoding=\"async\" loading=\"lazy\" \/><a  class=\"fLeft cntr\" href=\"https:\/\/adwokatrazowski.pl\/de\/special\/familienrecht\/\" title=\"Familienrecht\"><span><i class=\"icon-file-text\"><\/i><\/span><\/a><\/div>\t\r\n                        <div class=\"detailes\">\r\n                            <h5><a href=\"https:\/\/adwokatrazowski.pl\/de\/special\/familienrecht\/\">Familienrecht<\/a><\/h5>\r\n                            \r\n                           \r\n                        <\/div>\r\n                    <\/div>\r\n\r\n\t\t\t\t\r\n\t\t\t\t\r\n\t\t\t\t              \t\r\n\t\t\t\r\n\t\t\t\t\t\t\t\r\n\r\n\t\t\t\t\t \r\n               \r\n\t\t\t\t\t<div  class=\"uowl\"  >\r\n\t\t\t\t\t\t\r\n\r\n<div class=\"hover-fx zoom grayscale\">\r\n\t<img width=\"500\" height=\"360\" src=\"https:\/\/adwokatrazowski.pl\/bugbird\/wp-content\/uploads\/2016\/09\/pkarn-500x360.jpg\" class=\"attachment-portfolio1 size-portfolio1 wp-post-image\" alt=\"\" decoding=\"async\" loading=\"lazy\" \/><a  class=\"fLeft cntr\" href=\"https:\/\/adwokatrazowski.pl\/de\/special\/strafrecht\/\" title=\"Strafrecht\"><span><i class=\"icon-file-text\"><\/i><\/span><\/a><\/div>\t\r\n                        <div class=\"detailes\">\r\n                            <h5><a href=\"https:\/\/adwokatrazowski.pl\/de\/special\/strafrecht\/\">Strafrecht<\/a><\/h5>\r\n                            \r\n                           \r\n                        <\/div>\r\n                    <\/div>\r\n\r\n\t\t\t\t\r\n\t\t\t\t\t\r\n\t\t\t<\/div>\r\n\t\t\t\t\r\n\t\t\t\t\r\n\t\t\t\t\r\n            \r\n\r\n \r\n [\/vc_column][\/vc_row][vc_row][vc_column]<div class=\"gap clearfix\" style=\"height: 70px;\"><\/div><div class=\"clearfix title-center\"><h2 class=\"col-title\">Leistungsspektrum<\/h2><\/div>[\/vc_column][vc_column]<div class=\"gap clearfix\" style=\"height: 25px;\"><\/div>[\/vc_column][\/vc_row][vc_row][vc_column width=&#8220;1\/2&#8243;][vc_tta_accordion style=&#8220;modern&#8220; color=&#8220;white&#8220; gap=&#8220;5&#8243; c_icon=&#8220;&#8220; active_section=&#8220;&#8220; collapsible_all=&#8220;true&#8220; css=&#8220;.vc_custom_1475739343007{border-radius: 1px !important;}&#8220; no_fill=&#8220;true&#8220;][vc_tta_section i_icon_fontawesome=&#8220;fa fa-plus-circle&#8220; title=&#8220;Schrift&#8220; tab_id=&#8220;1475676881647-dadef8d6-abdf&#8220; add_icon=&#8220;true&#8220; el_class=&#8220;style1&#8243;][vc_column_text]Anfertigung von Prozessschrifts\u00e4tzen,[\/vc_column_text][\/vc_tta_section][vc_tta_section i_icon_fontawesome=&#8220;fa fa-plus-circle&#8220; title=&#8220;Prozessvertretung&#8220; tab_id=&#8220;1475676881808-1c0a08e0-4922&#8243; add_icon=&#8220;true&#8220;][vc_column_text css=&#8220;.vc_custom_1480506928164{border-radius: 2px !important;}&#8220;]Prozessvertretung w\u00e4hrend der Gerichtsverfahren (vor ordentlichen Gerichten, Verwaltungsgerichten und dem Obersten Gericht) und Verwaltungsverfahren (darunter auch beim Steuerverfahren),[\/vc_column_text][\/vc_tta_section][vc_tta_section i_icon_fontawesome=&#8220;fa fa-plus-circle&#8220; title=&#8220;Beratung&#8220; tab_id=&#8220;1475677200999-eb12d5e8-064d&#8220; add_icon=&#8220;true&#8220;][vc_column_text]Erteilung des juristischen Rats,[\/vc_column_text][\/vc_tta_section][vc_tta_section i_icon_fontawesome=&#8220;fa fa-plus-circle&#8220; title=&#8220;Fachgutachten und Expertisen&#8220; tab_id=&#8220;1475677250925-382d98cf-de20&#8243; add_icon=&#8220;true&#8220;][vc_column_text]Anfertigung von Fachgutachten und juristischen Expertisen,[\/vc_column_text][\/vc_tta_section][\/vc_tta_accordion][\/vc_column][vc_column width=&#8220;1\/2&#8243;][vc_tta_accordion style=&#8220;modern&#8220; color=&#8220;white&#8220; gap=&#8220;5&#8243; c_icon=&#8220;&#8220; active_section=&#8220;&#8220; collapsible_all=&#8220;true&#8220; no_fill=&#8220;true&#8220;][vc_tta_section i_icon_fontawesome=&#8220;fa fa-plus-circle&#8220; title=&#8220;Vertr\u00e4gen&#8220; tab_id=&#8220;1475676905081-fd1a8e3c-711e&#8220; add_icon=&#8220;true&#8220;][vc_column_text]Vorbereitung und Begutachtung von Vertr\u00e4gen (Bauvertr\u00e4gen, Werkvertr\u00e4gen, Auftragsvertr\u00e4gen, Mietvertr\u00e4gen, Pachtvertr\u00e4gen und Leasingvertr\u00e4gen),[\/vc_column_text][\/vc_tta_section][vc_tta_section i_icon_fontawesome=&#8220;fa fa-plus-circle&#8220; title=&#8220;Handelsrechtsgesellschaften&#8220; tab_id=&#8220;1475676905254-935abe32-c1cc&#8220; add_icon=&#8220;true&#8220;][vc_column_text]Gr\u00fcndung und Registrierung von Handelsrechtsgesellschaften,[\/vc_column_text][\/vc_tta_section][vc_tta_section i_icon_fontawesome=&#8220;fa fa-plus-circle&#8220; title=&#8220;F\u00fchrung von Schulungen&#8220; tab_id=&#8220;1475677468075-ca4bed67-0d8c&#8220; add_icon=&#8220;true&#8220;][\/vc_tta_section][\/vc_tta_accordion][\/vc_column][\/vc_row][vc_row][vc_column]<div class=\"gap clearfix\" style=\"height: 10px;\"><\/div>[\/vc_column][\/vc_row]<\/p>\n","protected":false},"excerpt":{"rendered":"<p>[vc_row][vc_column][vc_row_inner][vc_column_inner width=&#8220;1\/2&#8243;][\/vc_column_inner][vc_column_inner width=&#8220;1\/2&#8243;][\/vc_column_inner][\/vc_row_inner][\/vc_column][\/vc_row][vc_row][vc_column][\/vc_column][\/vc_row][vc_row][vc_column][\/vc_column][\/vc_row][vc_row][vc_column][\/vc_column][vc_column][\/vc_column][\/vc_row][vc_row][vc_column width=&#8220;1\/2&#8243;][vc_tta_accordion style=&#8220;modern&#8220; color=&#8220;white&#8220; gap=&#8220;5&#8243; c_icon=&#8220;&#8220; active_section=&#8220;&#8220; collapsible_all=&#8220;true&#8220; css=&#8220;.vc_custom_1475739343007{border-radius: 1px !important;}&#8220; no_fill=&#8220;true&#8220;][vc_tta_section i_icon_fontawesome=&#8220;fa fa-plus-circle&#8220; title=&#8220;Schrift&#8220; tab_id=&#8220;1475676881647-dadef8d6-abdf&#8220; add_icon=&#8220;true&#8220; el_class=&#8220;style1&#8243;][vc_column_text]Anfertigung von Prozessschrifts\u00e4tzen,[\/vc_column_text][\/vc_tta_section][vc_tta_section i_icon_fontawesome=&#8220;fa fa-plus-circle&#8220; title=&#8220;Prozessvertretung&#8220; tab_id=&#8220;1475676881808-1c0a08e0-4922&#8243; add_icon=&#8220;true&#8220;][vc_column_text css=&#8220;.vc_custom_1480506928164{border-radius: 2px !important;}&#8220;]Prozessvertretung [&hellip;]<\/p>\n","protected":false},"author":1,"featured_media":0,"parent":0,"menu_order":0,"comment_status":"closed","ping_status":"closed","template":"","meta":[],"_links":{"self":[{"href":"https:\/\/adwokatrazowski.pl\/de\/wp-json\/wp\/v2\/pages\/1630"}],"collection":[{"href":"https:\/\/adwokatrazowski.pl\/de\/wp-json\/wp\/v2\/pages"}],"about":[{"href":"https:\/\/adwokatrazowski.pl\/de\/wp-json\/wp\/v2\/types\/page"}],"author":[{"embeddable":true,"href":"https:\/\/adwokatrazowski.pl\/de\/wp-json\/wp\/v2\/users\/1"}],"replies":[{"embeddable":true,"href":"https:\/\/adwokatrazowski.pl\/de\/wp-json\/wp\/v2\/comments?post=1630"}],"version-history":[{"count":6,"href":"https:\/\/adwokatrazowski.pl\/de\/wp-json\/wp\/v2\/pages\/1630\/revisions"}],"predecessor-version":[{"id":2208,"href":"https:\/\/adwokatrazowski.pl\/de\/wp-json\/wp\/v2\/pages\/1630\/revisions\/2208"}],"wp:attachment":[{"href":"https:\/\/adwokatrazowski.pl\/de\/wp-json\/wp\/v2\/media?parent=1630"}],"curies":[{"name":"wp","href":"https:\/\/api.w.org\/{rel}","templated":true}]}}