{"id":1634,"date":"2014-11-03T13:50:11","date_gmt":"2014-11-03T13:50:11","guid":{"rendered":"http:\/\/adwokatrazowski.pl\/de\/kontakt\/"},"modified":"2019-04-20T11:26:51","modified_gmt":"2019-04-20T09:26:51","slug":"kontakt","status":"publish","type":"page","link":"https:\/\/adwokatrazowski.pl\/de\/kontakt\/","title":{"rendered":"Kontakt"},"content":{"rendered":"<p>[vc_row][vc_column][vc_column_text]<div id=\"map271849211\" style=\"width:100%;height:300px;\" class=\"gmap  grayscale full\"><\/div>\r\n\t<script type=\"text\/javascript\" src=\"\/\/maps.google.com\/maps\/api\/js?key=AIzaSyA-L1lIHMEFtto61WRZlJrWvKoq1WQipxQ\"><\/script>\r\n\t<script type=\"text\/javascript\">\r\n\tfunction mapfucntion_map271849211() {\r\n\r\n\t\tvar latlng = new google.maps.LatLng(0, 0);\r\n\t\tvar myOptions = {\r\n\t\t\tzoom: 14,\r\n\t\t\tcenter: latlng,\r\n\t\t\tscrollwheel: true,\r\n\t\t\tscaleControl: true,\r\n\t\t\tdisableDefaultUI: false,\r\n\t\t\tmapTypeId: google.maps.MapTypeId.ROADMAP\r\n\t\t};\r\n\t\tvar map271849211 = new google.maps.Map(document.getElementById(\"map271849211\"),\r\n\t\tmyOptions);\r\n\t\t\r\n\t\t    var geocoder_map271849211 = new google.maps.Geocoder();\r\n\t\t\tvar address = 'Wroc\u0142aw, Plac Teatralny 1';\r\n\t\t\tgeocoder_map271849211.geocode( { 'address': address}, function(results, status) {\r\n\t\t\t\tif (status == google.maps.GeocoderStatus.OK) {\r\n\t\t\t\t\tmap271849211.setCenter(results[0].geometry.location);\r\n\t\t\t\t\tvar image = \"https:\/\/adwokatrazowski.pl\/bugbird\/wp-content\/uploads\/2014\/11\/mapmarker.png\";\r\n\t\t\t\t\t\tvar marker = new google.maps.Marker({\r\n\t\t\t\t\t\t\tmap: map271849211, \r\n\t\t\t\t\t\t\ticon: image,\r\n\t\t\t\t\t\t\tposition: map271849211.getCenter()\r\n\t\t\t\t\t\t});\r\n\t\t\t\t\t\t\r\n\t\t\t\t\t\t\tvar contentString = '<div class=\"infowindow\" style=\"white-space:nowrap\">Hello World!<\/div>';\r\n\t\t\t\t\t\t\tvar infowindow = new google.maps.InfoWindow({\r\n\t\t\t\t\t\t\t\tcontent: contentString\r\n\t\t\t\t\t\t\t});\r\n\t\t\t\t\t\t\t\t\t\t\r\n\t\t\t\t\t\t\tgoogle.maps.event.addListener(marker, 'click', function() {\r\n\t\t\t\t\t\t\t  infowindow.open(map271849211,marker);\r\n\t\t\t\t\t\t\t});\r\n\t\t\t\t\t\t\t\r\n\t\t\t\t} else {\r\n\t\t\t\talert(\"Geocode was not successful for the following reason: \" + status);\r\n\t\t\t}\r\n\t\t\t});\r\n\t\t\t\r\n\t\t}\r\n\t\tgoogle.maps.event.addDomListener(window, \"load\", mapfucntion_map271849211);\r\n\r\n\t\t<\/script>[\/vc_column_text][\/vc_column][\/vc_row][vc_row][vc_column width=&#8220;2\/3&#8243;]<div class=\"clearfix title-left\"><h2 class=\"col-title\"><i class=\"title-icon icon-edit\"  style=\"color:#cc8800 !important;\" ><\/i>Kontaktformular<\/h2><\/div><div role=\"form\" class=\"wpcf7\" id=\"wpcf7-f2016-o1\" lang=\"pl-PL\" dir=\"ltr\">\n<div class=\"screen-reader-response\"><\/div>\n<form action=\"\/de\/wp-json\/wp\/v2\/pages\/1634#wpcf7-f2016-o1\" method=\"post\" class=\"wpcf7-form\" novalidate=\"novalidate\">\n<div style=\"display: none;\">\n<input type=\"hidden\" name=\"_wpcf7\" value=\"2016\" \/>\n<input type=\"hidden\" name=\"_wpcf7_version\" value=\"5.0.4\" \/>\n<input type=\"hidden\" name=\"_wpcf7_locale\" value=\"pl_PL\" \/>\n<input type=\"hidden\" name=\"_wpcf7_unit_tag\" value=\"wpcf7-f2016-o1\" \/>\n<input type=\"hidden\" name=\"_wpcf7_container_post\" value=\"0\" \/>\n<\/div>\n<p><label> Vornahme und Nachname (Pflichtfelder)<br \/>\n    <span class=\"wpcf7-form-control-wrap your-name\"><input type=\"text\" name=\"your-name\" value=\"\" size=\"40\" class=\"wpcf7-form-control wpcf7-text wpcf7-validates-as-required\" aria-required=\"true\" aria-invalid=\"false\" \/><\/span> <\/label><\/p>\n<p><label> E-mail-Adresse (Pflichtfelder)<br \/>\n    <span class=\"wpcf7-form-control-wrap your-email\"><input type=\"email\" name=\"your-email\" value=\"\" size=\"40\" class=\"wpcf7-form-control wpcf7-text wpcf7-email wpcf7-validates-as-required wpcf7-validates-as-email\" aria-required=\"true\" aria-invalid=\"false\" \/><\/span> <\/label><\/p>\n<p><label> Telefonnummer<br \/>\n    <span class=\"wpcf7-form-control-wrap tel-47\"><input type=\"tel\" name=\"tel-47\" value=\"\" size=\"40\" class=\"wpcf7-form-control wpcf7-text wpcf7-tel wpcf7-validates-as-tel\" aria-invalid=\"false\" \/><\/span> <\/label><\/p>\n<p><label> Thema<br \/>\n    <span class=\"wpcf7-form-control-wrap your-subject\"><input type=\"text\" name=\"your-subject\" value=\"\" size=\"40\" class=\"wpcf7-form-control wpcf7-text\" aria-invalid=\"false\" \/><\/span> <\/label><\/p>\n<p><label> Inhalt<br \/>\n    <span class=\"wpcf7-form-control-wrap your-message\"><textarea name=\"your-message\" cols=\"40\" rows=\"10\" class=\"wpcf7-form-control wpcf7-textarea\" aria-invalid=\"false\"><\/textarea><\/span> <\/label><\/p>\n<p><input type=\"submit\" value=\"Senden\" class=\"wpcf7-form-control wpcf7-submit\" \/><\/p>\n<div class=\"wpcf7-response-output wpcf7-display-none\"><\/div><\/form><\/div>[\/vc_column][vc_column width=&#8220;1\/3&#8243;]<div class=\"clearfix title-left\"><h2 class=\"col-title\"><i class=\"title-icon icon-map-marker\"  style=\"color:#cc8800 !important;\" ><\/i>Kontakt<\/h2><\/div>[vc_column_text]Der Sitz der Kanzlei befindet sich zurzeit im Herzen von Wroclaw, am Plac Teatralny 1, gegen\u00fcber der Wroc\u0142awer Oper, im historischen Mietshaus, das in der zweiten H\u00e4lfte des 19. Jahrhunderts erbaut worden ist. Dank der g\u00fcnstigen Lage befindet sich die Kanzlei in der N\u00e4he der meisten Wroc\u0142awer Gerichte, darunter der Amtsgerichte, des Bezirksgerichtes und des Woiwodschaftsverwaltungsgerichtes.<\/p>\n<p><strong>Rechtsanwaltskanzlei<br \/>\nRechtsanwalt Pawe\u0142 Razowski,<br \/>\nPlac Teatralny 1, 50-051 Wroc\u0142aw<br \/>\nSteuer-IdNr.: 7532199023<br \/>\nREGON-Nummer: 022248906<\/strong><\/p>\n<p><i class=\"icon-phone icon-xs\"  style=\"color:#999 !important;\"  ><\/i> <strong>Tel<\/strong>:<a href=\"tel:+48600851471\">600 851 471<\/a>\u00a0<i class=\"icon-print icon-xs\"  style=\"color:#999 !important;\"  ><\/i> <strong>Fax:<\/strong> 71 3425586<br \/>\n<i class=\"icon-envelope-alt icon-xs\"  style=\"color:#999 !important;\"  ><\/i> <strong>Email:<\/strong> <a href=\"mailto:razowski@adwokatrazowski.pl\">razowski@adwokatrazowski.pl<\/a><br \/>\n<i class=\"icon-envelope-alt icon-xs\"  style=\"color:#999 !important;\"  ><\/i> <strong>Email:<\/strong> <a href=\"mailto:drelichowska@adwokatrazowski.pl\">drelichowska@adwokatrazowski.pl<\/a><\/p>\n<p>Falls Sie Fragen haben, bitten wir um die Kontaktaufnahme mittels Telefon oder E-Mail (direkte Kontaktaufnahme unter den angef\u00fchrten Adressen oder mittels des untenstehenden Formulars).[\/vc_column_text][\/vc_column][\/vc_row]<\/p>\n","protected":false},"excerpt":{"rendered":"<p>[vc_row][vc_column][vc_column_text][\/vc_column_text][\/vc_column][\/vc_row][vc_row][vc_column width=&#8220;2\/3&#8243;][\/vc_column][vc_column width=&#8220;1\/3&#8243;][vc_column_text]Der Sitz der Kanzlei befindet sich zurzeit im Herzen von Wroclaw, am Plac Teatralny 1, gegen\u00fcber der Wroc\u0142awer Oper, im historischen Mietshaus, das in der zweiten H\u00e4lfte des [&hellip;]<\/p>\n","protected":false},"author":1,"featured_media":0,"parent":0,"menu_order":0,"comment_status":"open","ping_status":"open","template":"","meta":[],"_links":{"self":[{"href":"https:\/\/adwokatrazowski.pl\/de\/wp-json\/wp\/v2\/pages\/1634"}],"collection":[{"href":"https:\/\/adwokatrazowski.pl\/de\/wp-json\/wp\/v2\/pages"}],"about":[{"href":"https:\/\/adwokatrazowski.pl\/de\/wp-json\/wp\/v2\/types\/page"}],"author":[{"embeddable":true,"href":"https:\/\/adwokatrazowski.pl\/de\/wp-json\/wp\/v2\/users\/1"}],"replies":[{"embeddable":true,"href":"https:\/\/adwokatrazowski.pl\/de\/wp-json\/wp\/v2\/comments?post=1634"}],"version-history":[{"count":5,"href":"https:\/\/adwokatrazowski.pl\/de\/wp-json\/wp\/v2\/pages\/1634\/revisions"}],"predecessor-version":[{"id":2940,"href":"https:\/\/adwokatrazowski.pl\/de\/wp-json\/wp\/v2\/pages\/1634\/revisions\/2940"}],"wp:attachment":[{"href":"https:\/\/adwokatrazowski.pl\/de\/wp-json\/wp\/v2\/media?parent=1634"}],"curies":[{"name":"wp","href":"https:\/\/api.w.org\/{rel}","templated":true}]}}