{"id":1635,"date":"2016-10-06T21:28:20","date_gmt":"2016-10-06T19:28:20","guid":{"rendered":"http:\/\/adwokatrazowski.pl\/de\/nota-prawna\/"},"modified":"2016-11-30T12:33:24","modified_gmt":"2016-11-30T11:33:24","slug":"rechtliche-hinweise","status":"publish","type":"page","link":"https:\/\/adwokatrazowski.pl\/de\/rechtliche-hinweise\/","title":{"rendered":"Rechtliche Hinweise"},"content":{"rendered":"<p><img decoding=\"async\" loading=\"lazy\" class=\" wp-image-906 aligncenter\" src=\"http:\/\/adwokatrazowski.pl\/bugbird\/wp-content\/uploads\/2016\/10\/paragraph.png\" alt=\"paragraph\" width=\"142\" height=\"142\" srcset=\"https:\/\/adwokatrazowski.pl\/bugbird\/wp-content\/uploads\/2016\/10\/paragraph.png 265w, https:\/\/adwokatrazowski.pl\/bugbird\/wp-content\/uploads\/2016\/10\/paragraph-150x150.png 150w\" sizes=\"(max-width: 142px) 100vw, 142px\" \/><div class=\"blockquote full\"> Wir erkl\u00e4ren, dass jegliche Rechte auf den Inhalt der Webseite, grafische Gestaltung (darunter Logo der Kanzlei), Fotos sowie die eingepflegten Texte rechtlich gesch\u00fctzt sind und von Dritten ohne die ausdr\u00fcckliche, schriftliche Genehmigung, unter Androhung der Nichtigkeit der Genehmigung nicht genutzt werden k\u00f6nnen. <\/div>\n","protected":false},"excerpt":{"rendered":"Wir erkl\u00e4ren, dass jegliche Rechte auf den Inhalt der Webseite, grafische Gestaltung (darunter Logo der Kanzlei), Fotos sowie die eingepflegten Texte rechtlich gesch\u00fctzt sind und von Dritten ohne die ausdr\u00fcckliche, [...]","protected":false},"author":1,"featured_media":0,"parent":0,"menu_order":0,"comment_status":"closed","ping_status":"closed","template":"","meta":[],"_links":{"self":[{"href":"https:\/\/adwokatrazowski.pl\/de\/wp-json\/wp\/v2\/pages\/1635"}],"collection":[{"href":"https:\/\/adwokatrazowski.pl\/de\/wp-json\/wp\/v2\/pages"}],"about":[{"href":"https:\/\/adwokatrazowski.pl\/de\/wp-json\/wp\/v2\/types\/page"}],"author":[{"embeddable":true,"href":"https:\/\/adwokatrazowski.pl\/de\/wp-json\/wp\/v2\/users\/1"}],"replies":[{"embeddable":true,"href":"https:\/\/adwokatrazowski.pl\/de\/wp-json\/wp\/v2\/comments?post=1635"}],"version-history":[{"count":2,"href":"https:\/\/adwokatrazowski.pl\/de\/wp-json\/wp\/v2\/pages\/1635\/revisions"}],"predecessor-version":[{"id":2192,"href":"https:\/\/adwokatrazowski.pl\/de\/wp-json\/wp\/v2\/pages\/1635\/revisions\/2192"}],"wp:attachment":[{"href":"https:\/\/adwokatrazowski.pl\/de\/wp-json\/wp\/v2\/media?parent=1635"}],"curies":[{"name":"wp","href":"https:\/\/api.w.org\/{rel}","templated":true}]}}