{"id":1639,"date":"2016-10-06T11:09:37","date_gmt":"2016-10-06T09:09:37","guid":{"rendered":"http:\/\/adwokatrazowski.pl\/de\/zespol\/"},"modified":"2017-03-20T18:29:56","modified_gmt":"2017-03-20T17:29:56","slug":"team_de","status":"publish","type":"page","link":"https:\/\/adwokatrazowski.pl\/de\/team_de\/","title":{"rendered":"Team"},"content":{"rendered":"<p>[vc_row][vc_column]<div class=\"clearfix title-center\"><h2 class=\"col-title\">Team<\/h2><\/div>[\/vc_column][\/vc_row][vc_row][vc_column]<div class=\"gap clearfix\" style=\"height: 10px;\"><\/div>[\/vc_column][\/vc_row][vc_row][vc_column][vc_tta_tabs style=&#8220;modern&#8220; active_section=&#8220;1&#8243;][vc_tta_section i_icon_fontawesome=&#8220;fa fa-university&#8220; title=&#8220;Rechtsanwalt Dr. Pawe\u0142 Razowski&#8220; tab_id=&#8220;1475926196654-48dc4127-e657&#8243; add_icon=&#8220;true&#8220;][vc_column_text]<div class=\"gap clearfix\" style=\"height: 25px;\"><\/div>\n<p>Rechtsanwalt der Rechtsanwaltskammer in Wroc\u0142aw, Doktor der Rechtswissenschaften, Gr\u00fcnder der Kanzlei.<\/p>\n<p>Er spezialisiert sich im Bereich des Verwaltungsrechts (darunter auch des \u00f6ffentlichen Handelsrechts, des Immobilienverkehrsrechts, des Rechts betreffend die Raumplanung und Raumordnung, des Baurechts), des Rechts des geistigen Eigentums und des Wettbewerbsrecht,\u00a0des Steuer- und Bankrechts, des Wirtschaftsrechts, des Rechts betreffend die \u00f6ffentlichen Auftr\u00e4ge und des Zivilrechts sowie des Zivilverfahrens.<\/p>\n<p>Bevollm\u00e4chtigter in zahlreichen Gerichts-, Verwaltungs- und Steuerverfahren \u2013 darunter auch bei renommierten Zivil- und Wirtschaftsangelegenheiten, wo der Streitgegenstand ein paar Dutzend Millionen PLN betrug. Er vertritt erfolgreich seine Kunden in komplexen Gerichtsstreitigkeiten vor Berufungsgerichten, dem Obersten Gericht, Woiwodschaftsverwaltungsgerichten, dem Hauptverwaltungsgericht.<\/p>\n<p>Autor von mehreren Rechtsgutachten, die u.a. auf Antrag von Einheiten der territorialen Selbstverwaltung und Selbstverwaltungsorganisationseinheiten vorbereitet wurden.<\/p>\n<p>Er hat mit einer sehr guten Endnote und mit Auszeichnung ein Jurastudium an der Fakult\u00e4t f\u00fcr Recht, Verwaltung und \u00d6konomie der Universit\u00e4t Wroc\u0142aw abgeschlossen. Danach absolvierte er das Rechtsanwaltsreferendariat und bestand mit Auszeichnung das Rechtsanwaltsexamen. Parallel hat er auch ein Doktorstudium der Rechtswissenschaften abgeschlossen \u2013 unter der Leitung von Prof. Dr. habil. Barbara Adamiak, Lehrstuhl f\u00fcr Verwaltungsverfahren und Verwaltungsgerichtswesen an der Fakult\u00e4t f\u00fcr Recht, Verwaltung und \u00d6konomie der Universit\u00e4t Wroc\u0142aw \u2013 und den akademischen Grad des Doktors der Rechtswissenschaften erlangt.<\/p>\n<p>Er ist Autor von zahlreichen wissenschaftlichen Publikationen (Monografien, Lehrb\u00fcchern, Kapiteln in Sammelb\u00e4nden, Artikeln und Glossen) in solchen Bereichen wie das Verwaltungsverfahren (inklusive Steuerverfahren) und Verwaltungsrecht, das gerichtliche Verwaltungsverfahren und Verwaltungsvollstreckungsverfahren: Inklusive der ersten Monographie auf dem polnischen Verlagsmarkt, die der wichtigen Problematik der Unzul\u00e4ssigkeit des Gerichtsweges im gerichtlichen Verwaltungsverfahren gewidmet ist (P. Razowski, Niedopuszczalno\u015b\u0107 drogi s\u0105dowej w post\u0119powaniu s\u0105dowoadministracyjnym [Die Unzul\u00e4ssigkeit des Gerichtsweges im gerichtlichen Verwaltungsverfahren], Wydawnictwo C.H. Beck, Warszawa 2015, 466 S.).<\/p>\n<p>Die wissenschaftlichen Ansichten von Dr. Pawe\u0142 Razowski werden in den Entscheidungen der Verwaltungsgerichte zitiert (siehe u.a. Urteil des Woiwodschaftsverwaltungsgerichts in Wroc\u0142aw vom 2. Juni 2016, I SA\/Wr 277\/16, www.orzeczenia.nsa.gov.pl, Urteil des Woiwodschaftsverwaltungsgerichts in \u0141\u00f3d\u017a vom 28. August 2014, II SAB\/\u0141d 94\/14, www.orzeczenia.nsa.gov.pl, Urteil des Woiwodschaftsverwaltungsgerichts in Rzesz\u00f3w vom 18. September 2013, II SA\/Rz 489\/13, www.orzeczenia.nsa.gov.pl, Urteil des Woiwodschaftsverwaltungsgerichts in Pozna\u0144 vom 23. August 2012, III SA\/Po 411\/12, www.orzeczenia.nsa.gov.pl, Urteil des Woiwodschaftsverwaltungsgerichts in Szczecin vom 16. Februar 2012, II SA\/Sz 1112\/11, www.orzeczenia.nsa.gov.pl).<\/p>\n<p>Referent bei zahlreichen gesamtpolnischen wissenschaftlichen Tagungen und Fachschulungen f\u00fcr Richter, Rechtsanw\u00e4lte, Rechtsberater und Steuerberater sowie f\u00fcr Rechtsreferendare in den nachfolgend genannten Bereichen: Steuerrecht, Verwaltungsrecht, Verwaltungsverfahren (darunter auch das Recht betreffend die territoriale Selbstverwaltung) und gerichtliches Verwaltungsverfahren (u.a. im Rahmen des \u201eIDEA\u201c-Programms, das ein gemeinsames Vorhaben der Rechtsanwaltskammern in Krak\u00f3w und Wroc\u0142aw ist und welches darauf beruht in audiovisueller Form die Treffen mit hervorragenden Juristen zu registrieren \u2013 vor allem mit Rechtsanw\u00e4lten \u2013 und die durch diese Personen gehaltenen Vortr\u00e4ge im Internet zur ver\u00f6ffentlichen).<\/p>\n<p>Vortragender der Bezirksrechtsanwaltskammer in Wroc\u0142aw, der Rechtsanwaltsreferendare in den nachfolgend genannten Bereichen unterrichtet: Verwaltungsrecht (darunter auch z.B. Baurecht, Recht betreffend die Raumordnung und Raumplanung), Verwaltungsverfahren und gerichtliches Verwaltungsverfahren.<\/p>\n<p>Mitglieds des Rechtsausschusses der Rechtsanwaltsbezirkskammer in Wroc\u0142aw.<\/p>\n<p>Er spricht Englisch und ist auch der englischen juristischen Fachsprache m\u00e4chtig.<\/p>\n<p><i class=\"icon-phone icon-2x\"  ><\/i> \u00a0<a style=\"font-size: 110%;\" href=\"tel:+48600851471\">+48 600 851 471<\/a><\/p>\n<p><i class=\"icon-envelope-alt icon-2x\"  style=\"color:#cc8809 !important;\"  ><\/i> \u00a0<a style=\"font-size: 110%;\" href=\"mailto:razowski@adwokatrazowski.pl\">razowski@adwokatrazowski.pl<\/a>[\/vc_column_text][\/vc_tta_section][vc_tta_section i_icon_fontawesome=&#8220;fa fa-university&#8220; title=&#8220;Rechtsanwaltsreferendarin Angelika Drelichowska&#8220; tab_id=&#8220;1475926196746-a83c13ba-ba09&#8243; add_icon=&#8220;true&#8220;][vc_column_text]<div class=\"gap clearfix\" style=\"height: 25px;\"><\/div>\n<p>Rechtsanwaltsreferendarin der Rechtsanwaltskammer in Wroc\u0142aw, Doktorandin am Lehrstuhl f\u00fcr Verwaltungsverfahren und Verwaltungsgerichtswesen an der Fakult\u00e4t f\u00fcr Recht, Verwaltung und \u00d6konomie der Universit\u00e4t Wroc\u0142aw.<\/p>\n<p>Sie hat mit einer sehr guten Endnote und mit Auszeichnung ein Jurastudium und ein Verwaltungsstudium an der Fakult\u00e4t f\u00fcr Recht, Verwaltung und \u00d6konomie der Universit\u00e4t Wroc\u0142aw abgeschlossen. Ihre Magisterarbeit u.d.T. \u201eReprezentacja strony w administracyjnym post\u0119powaniu og\u00f3lnym\u201c [Die Vertretung der Partei im allgemeinen Verwaltungsverfahren] errang den zweiten Platz im j\u00e4hrlichen Wettbewerb betreffend die besten Magisterarbeiten. Aktuell ist sie Rechtsanwaltsreferendarin der Rechtsanwaltsbezirkskammer in Wroc\u0142aw und Doktorandin am Lehrstuhl f\u00fcr Verwaltungsverfahren und Verwaltungsgerichtswesen.<\/p>\n<p>In ihrer Berufst\u00e4tigkeit in der Rechtsanwaltskanzlei fokussiert sie sich auf den nachfolgend genannten Bereichen: allgemeines Verwaltungsrecht, im Besonderen auf dem (allgemeinen und steuerlichen) Verwaltungsverfahren, Verwaltungsvollstreckungsverfahren sowie dem gerichtlichen Verwaltungsverfahren. Sie bereitet Entw\u00fcrfe von Klagen an Verwaltungsgerichte, Kassationsklagen und Schrifts\u00e4tzen im Verwaltungsverfahren. Sie vertritt Kunden in Verfahren vor Verwaltungsbeh\u00f6rden (darunter auch Steuerbeh\u00f6rden) und Verwaltungsgerichten. Sie befasst sich auch erfolgreich mit Angelegenheiten, die das Zivilrecht (insbesondere das Sachenrecht und Schuldrecht), Familienrecht und Wirtschaftsrecht betreffen. Mit besonderer Empathie und Engagement vertritt sie die Kunden in Angelegenheiten, welche mit Scheidungen, Alimentation, elterlicher Gewalt und dem Kontakt mit den Kindern verbunden sind. Sie beteiligt sich auch an Strafprozessen.<\/p>\n<p>Sie ist Autorin von zahlreichen wissenschaftlichen Publikationen \u2013 darunter auch Monografien, Kapiteln in Sammelb\u00e4nden, Artikeln und Glossen. Sie f\u00fchrt Lehrveranstaltungen f\u00fcr Studenten der Fakult\u00e4t f\u00fcr Recht, Verwaltung und \u00d6konomie der Universit\u00e4t Wroc\u0142aw sowie Fachschulungen f\u00fcr Rechtsanw\u00e4lte, Rechtsberater und Mitarbeiter der Selbstverwaltungsbeh\u00f6rden in den nachfolgend genannten Bereichen: Steuerrecht und Steuerverfahren, Verwaltungsvollstreckungsverfahren.<\/p>\n<p>Die wissenschaftlichen Ansichten der Rechtsanwaltsreferendarin Angelika Drelichowska werden in den Entscheidungen der Verwaltungsgerichte zitiert (siehe u.a. Urteil des Woiwodschaftsverwaltungsgerichts in Wroc\u0142aw vom 2. Juni 2016, I SA\/Wr 277\/16, www.orzeczenia.nsa.gov.pl, Urteil des Woiwodschaftsverwaltungsgerichts in Warszawa vom 23. Februar 2016, III SA\/Wa 985\/16, www.orzeczenia.nsa.gov.pl, Urteil des Woiwodschaftsverwaltungsgerichts in Warszawa vom 4. Februar 2016, III SA\/Wa 863\/15, www.orzeczenia.nsa.gov.pl, sowie das Urteil des Hauptverwaltungsgerichts vom 18. August 2015, II FSK 1758\/13, www.orzeczenia.nsa.gov.pl).<\/p>\n<p>Sie leistet auch Rechtshilfe auf Deutsch.<\/p>\n<p><i class=\"icon-envelope-alt icon-2x\"  style=\"color:#cc8809 !important;\"  ><\/i> <a style=\"font-size: 110%;\" href=\"mailto:drelichowska@adwokatrazowski.pl\">drelichowska@adwokatrazowski.pl<\/a>[\/vc_column_text][\/vc_tta_section][\/vc_tta_tabs][\/vc_column][\/vc_row]<\/p>\n","protected":false},"excerpt":{"rendered":"<p>[vc_row][vc_column][\/vc_column][\/vc_row][vc_row][vc_column][\/vc_column][\/vc_row][vc_row][vc_column][vc_tta_tabs style=&#8220;modern&#8220; active_section=&#8220;1&#8243;][vc_tta_section i_icon_fontawesome=&#8220;fa fa-university&#8220; title=&#8220;Rechtsanwalt Dr. Pawe\u0142 Razowski&#8220; tab_id=&#8220;1475926196654-48dc4127-e657&#8243; add_icon=&#8220;true&#8220;][vc_column_text] Rechtsanwalt der Rechtsanwaltskammer in Wroc\u0142aw, Doktor der Rechtswissenschaften, Gr\u00fcnder der Kanzlei. Er spezialisiert sich im Bereich des Verwaltungsrechts (darunter [&hellip;]<\/p>\n","protected":false},"author":1,"featured_media":0,"parent":0,"menu_order":0,"comment_status":"closed","ping_status":"closed","template":"","meta":[],"_links":{"self":[{"href":"https:\/\/adwokatrazowski.pl\/de\/wp-json\/wp\/v2\/pages\/1639"}],"collection":[{"href":"https:\/\/adwokatrazowski.pl\/de\/wp-json\/wp\/v2\/pages"}],"about":[{"href":"https:\/\/adwokatrazowski.pl\/de\/wp-json\/wp\/v2\/types\/page"}],"author":[{"embeddable":true,"href":"https:\/\/adwokatrazowski.pl\/de\/wp-json\/wp\/v2\/users\/1"}],"replies":[{"embeddable":true,"href":"https:\/\/adwokatrazowski.pl\/de\/wp-json\/wp\/v2\/comments?post=1639"}],"version-history":[{"count":6,"href":"https:\/\/adwokatrazowski.pl\/de\/wp-json\/wp\/v2\/pages\/1639\/revisions"}],"predecessor-version":[{"id":2729,"href":"https:\/\/adwokatrazowski.pl\/de\/wp-json\/wp\/v2\/pages\/1639\/revisions\/2729"}],"wp:attachment":[{"href":"https:\/\/adwokatrazowski.pl\/de\/wp-json\/wp\/v2\/media?parent=1639"}],"curies":[{"name":"wp","href":"https:\/\/api.w.org\/{rel}","templated":true}]}}