{"id":1638,"date":"2016-10-06T11:09:37","date_gmt":"2016-10-06T09:09:37","guid":{"rendered":"http:\/\/adwokatrazowski.pl\/en\/zespol\/"},"modified":"2017-03-20T18:25:44","modified_gmt":"2017-03-20T17:25:44","slug":"team","status":"publish","type":"page","link":"https:\/\/adwokatrazowski.pl\/en\/team\/","title":{"rendered":"Team"},"content":{"rendered":"<p>[vc_row][vc_column]<div class=\"clearfix title-center\"><h2 class=\"col-title\">Our Team<\/h2><\/div>[\/vc_column][\/vc_row][vc_row][vc_column]<div class=\"gap clearfix\" style=\"height: 10px;\"><\/div>[\/vc_column][\/vc_row][vc_row][vc_column][vc_tta_tabs style=&#8221;modern&#8221; active_section=&#8221;1&#8243;][vc_tta_section i_icon_fontawesome=&#8221;fa fa-university&#8221; title=&#8221;Lawyer dr Pawe\u0142 Razowski&#8221; tab_id=&#8221;1475926196654-48dc4127-e657&#8243; add_icon=&#8221;true&#8221;][vc_column_text]<div class=\"gap clearfix\" style=\"height: 25px;\"><\/div>\n<p>Lawyer, holding doctor\u2019s degree \u2013 lawyer of the District Chamber of Advocates in Wroc\u0142aw, doctor in legal science, founder of the law office. He mostly specialises\u00a0in administrative law (including public commercial law, real property law, planning and spatial development law, and construction law), intellectual property law and competition law, tax and banking law, commercial law, public procurement law as well as civil law and civil proceedings.<\/p>\n<p>Proxy in numerous court, administrative and tax proceedings, including prestigious civil and commercial cases in which the value of the object of litigation amounted to a dozen or so million zloty. He successfully represents his Clients in complicated court litigations before appellate courts, the Supreme Court regional administrative courts and the Supreme Administrative Court.<\/p>\n<p>He is the author of many legal opinions made at the request of local government units and self-government organizational units.<\/p>\n<p>He graduated from the University of Wroclaw, the Faculty of Law, Administration and Economy with a very good mark and distinction, and then completed the attorney apprenticeship in the Chamber of Advocates in Wroc\u0142aw, and passed the final exam with distinction.<\/p>\n<p>At the same time he completed full-time doctor studies led by professor Barbara Adamiak, Ph.D. in the Administrative Proceedings and Administrative Judiciary Department in the Faculty of Law, Administration and Economy at the University of Wroc\u0142aw, defended his doctoral thesis and was admitted to the degree of doctor of legal science.<\/p>\n<p>He is the author of numerous scientific publications (monographs, books, chapters in collective work, articles and glosses) in the scope of administrative law and proceedings (including tax proceedings), court and administrative proceedings and administrative enforcement proceedings, including the first publication in the Polish publishing market dedicated to the problem of inadmissibility of court proceedings in court and administrative proceedings (P. Razowski, Niedopuszczalno\u015b\u0107 drogi s\u0105dowej w post\u0119powaniu s\u0105dowoadministracyjnym, Inadmissibility of court proceedings in court and administrative proceedings, C.H. Beck, Warsaw 2015, p. 466).<\/p>\n<p>Scientific opinions of advocate Pawe\u0142 Razowski are cited in the rulings of administrative courts (see the judgement of Provincial Administrative Court in Wroc\u0142aw dated 2 June 2016, I SA\/Wr 277\/16, www.orzeczenia.nsa.gov.pl, the judgement of Provincial Administrative Court in \u0141\u00f3d\u017a dated 28 August 2014, II SAB\/\u0141d 94\/14, www.orzeczenia.nsa.gov.pl, the judgement of Provincial Administrative Court in Rzesz\u00f3w dated 18 September 2013, II SA\/Rz 489\/13, www.orzeczenia.nsa.gov.pl, the judgement of Provincial Administrative Court in Pozna\u0144 dated 23 August 2012, III SA\/Po 411\/12, www.orzeczenia.nsa.gov.pl, the judgement of Provincial Administrative Court in Szczecin dated 16 February 2012, II SA\/Sz 1112\/11, www.orzeczenia.nsa.gov.pl).<\/p>\n<p>He is a speaker during numerous all-Poland scientific conferences and specialist trainings in the scope of tax law, administrative law and proceedings (including self-government law) and court and administrative proceedings for judges, advocates, legal advisors, and tax advisors, as well as trainees of legal professions (e.g. as part of \u201eIDEA\u201d programme \u2013 joint undertaking of Advocate Chambers from Krak\u00f3w and Wroc\u0142aw, consisting in registration of meetings with distinguished lawyers, especially with advocates, in audiovisual form and making their lectures available in the Internet.<\/p>\n<p>He is a lecturer of the District Council of Advocates in Wroc\u0142aw, conducts classes for advocate trainees in the scope of administrative law (including construction law and planning and spatial development law), administrative proceedings and court and administrative proceedings.<\/p>\n<p>He is a member of the Legal Team at the District Council of Advocates in Wroc\u0142aw.<\/p>\n<p>He has a command of English, including legal English.<\/p>\n<p><i class=\"icon-phone icon-2x\"  ><\/i> \u00a0<a style=\"font-size: 110%;\" href=\"tel:+48600851471\">+48 600 851 471<\/a><\/p>\n<p><i class=\"icon-envelope-alt icon-2x\"  style=\"color:#cc8809 !important;\"  ><\/i> \u00a0<a style=\"font-size: 110%;\" href=\"mailto:razowski@adwokatrazowski.pl\">razowski@adwokatrazowski.pl<\/a>[\/vc_column_text][\/vc_tta_section][vc_tta_section i_icon_fontawesome=&#8221;fa fa-university&#8221; title=&#8221;Advocate Trainee Angelika Drelichowska&#8221; tab_id=&#8221;1475926196746-a83c13ba-ba09&#8243; add_icon=&#8221;true&#8221;][vc_column_text]<div class=\"gap clearfix\" style=\"height: 25px;\"><\/div>\n<p>Advocate trainee of the Chamber of Advocates in Wroc\u0142aw, doctoral student in the Administrative Proceedings and Administrative Judiciary Department in the Faculty of Law, Administration and Economy at the University of Wroc\u0142aw.<\/p>\n<p>She graduated from the University of Wroclaw with the very good mark and distinction, at the Faculty of Law, Administration and Economy. Her master\u2019s thesis entitled \u201cRepresentation of a party in the general administrative proceedings\u201d took the second place in the annual competition of the best master\u2019s theses. Currently she is an advocate trainee of the Chamber of Advocates in Wroc\u0142aw and a doctoral student of the Faculty of Law, Administration and Economy at the University of Wroc\u0142aw in the Administrative Proceedings and Administrative Judiciary Department.<\/p>\n<p>In her professional work in the law office she is focused in particular on issues in the scope of administrative law, especially administrative proceedings (general and tax proceedings), administrative enforcement proceedings as well as court and administrative proceedings. She prepares draft complaints to administrative courts, complaints in cassation, as well as documents in enforcement proceedings. She represents Clients in proceedings before administrative bodies (including also tax proceedings) and before administrative courts. She successfully conducts cases in the scope of civil law (including in particular property law and lability law), family law and commercial law. She is especially sympathetic and engaged in cases for divorce, alimony, parental authority and contacts with children. Moreover, she also takes part in criminal proceedings.<\/p>\n<p>She is the author of a dozen or so scientific publications, including monographs, chapters in collective work, articles and glosses. She conducts classes for students at the Faculty of Law, Administration and Economy at the University of Wroc\u0142aw, and specialist trainings in the scope of tax law and tax proceedings as well as administrative enforcement proceedings for advocates, legal advisors, tax advisors and employees of self-government administration.<\/p>\n<p>Scientific opinions of Angelika Drelichowska are quoted in the rulings of administrative courts (see the judgement of Provincial Administrative Court in Wroc\u0142aw dated 2 June 2016, I SA\/Wr 277\/16, www.orzeczenia.nsa.gov.pl, the judgement of Provincial Administrative Court in Warsaw dated 23 February 2016, III SA\/Wa 985\/16, www.orzeczenia.nsa.gov.pl, the judgement of Provincial Administrative Court in Warsaw dated 4 February 2016, III SA\/Wa 863\/15, www.orzeczenia.nsa.gov.pl, as well as the judgement of the Supreme Administrative Court dated 18 August 2015, II FSK 1758\/13, www.orzeczenia.nsa.gov.pl).<\/p>\n<p>She provides legal assistance also in German.<\/p>\n<p><i class=\"icon-envelope-alt icon-2x\"  style=\"color:#cc8809 !important;\"  ><\/i> <a style=\"font-size: 110%;\" href=\"mailto:drelichowska@adwokatrazowski.pl\">drelichowska@adwokatrazowski.pl<\/a>[\/vc_column_text][\/vc_tta_section][\/vc_tta_tabs][\/vc_column][\/vc_row]<\/p>\n","protected":false},"excerpt":{"rendered":"<p>[vc_row][vc_column][\/vc_column][\/vc_row][vc_row][vc_column][\/vc_column][\/vc_row][vc_row][vc_column][vc_tta_tabs style=&#8221;modern&#8221; active_section=&#8221;1&#8243;][vc_tta_section i_icon_fontawesome=&#8221;fa fa-university&#8221; title=&#8221;Lawyer dr Pawe\u0142 Razowski&#8221; tab_id=&#8221;1475926196654-48dc4127-e657&#8243; add_icon=&#8221;true&#8221;][vc_column_text] Lawyer, holding doctor\u2019s degree \u2013 lawyer of the District Chamber of Advocates in Wroc\u0142aw, doctor in legal science, founder [&hellip;]<\/p>\n","protected":false},"author":1,"featured_media":0,"parent":0,"menu_order":0,"comment_status":"closed","ping_status":"closed","template":"","meta":[],"_links":{"self":[{"href":"https:\/\/adwokatrazowski.pl\/en\/wp-json\/wp\/v2\/pages\/1638"}],"collection":[{"href":"https:\/\/adwokatrazowski.pl\/en\/wp-json\/wp\/v2\/pages"}],"about":[{"href":"https:\/\/adwokatrazowski.pl\/en\/wp-json\/wp\/v2\/types\/page"}],"author":[{"embeddable":true,"href":"https:\/\/adwokatrazowski.pl\/en\/wp-json\/wp\/v2\/users\/1"}],"replies":[{"embeddable":true,"href":"https:\/\/adwokatrazowski.pl\/en\/wp-json\/wp\/v2\/comments?post=1638"}],"version-history":[{"count":5,"href":"https:\/\/adwokatrazowski.pl\/en\/wp-json\/wp\/v2\/pages\/1638\/revisions"}],"predecessor-version":[{"id":2727,"href":"https:\/\/adwokatrazowski.pl\/en\/wp-json\/wp\/v2\/pages\/1638\/revisions\/2727"}],"wp:attachment":[{"href":"https:\/\/adwokatrazowski.pl\/en\/wp-json\/wp\/v2\/media?parent=1638"}],"curies":[{"name":"wp","href":"https:\/\/api.w.org\/{rel}","templated":true}]}}